{"id":70,"date":"2016-03-04T07:08:00","date_gmt":"2016-03-04T06:08:00","guid":{"rendered":"http:\/\/montelovelo.fr\/?page_id=70"},"modified":"2018-03-15T14:55:24","modified_gmt":"2018-03-15T13:55:24","slug":"pour-les-entreprises","status":"publish","type":"page","link":"https:\/\/montelovelo.fr\/index.php\/pour-les-entreprises\/","title":{"rendered":"L&rsquo;indemnit\u00e9 kilom\u00e9trique forfaitaire"},"content":{"rendered":"<header class=\"resHeader avecAuteur\">\n<div class=\"headerMeta\">\n<h1 class=\"artTitle\">R\u00e9duction d\u2019imp\u00f4t v\u00e9los\u00a0: tous en selle\u00a0!<\/h1>\n<p>Tout d&rsquo;abord, un lien utile pour comprendre :\u00a0\u00a0\u00a0\u00a0 <a href=\"http:\/\/www.lecyclo.com\/outils\/l-indemnisation-kilometrique-a-velo.html?utm_campaign=17092016-vfconseils&amp;utm_content=17250965129&amp;utm_medium=email&amp;utm_source=Emailvision\" target=\"_blank\" rel=\"noopener\">L&rsquo;indemnit\u00e9 kilom\u00e9trique\u00a0 ?<\/a><\/p>\n<\/div>\n<\/header>\n<p><em class=\"artChapo\">Un d\u00e9cret est enfin venu pr\u00e9ciser les modalit\u00e9s d&rsquo;application de la r\u00e9duction d&rsquo;imp\u00f4t pour les entreprises qui mettent des v\u00e9los \u00e0 disposition de leurs salari\u00e9s.<\/em><\/p>\n<div class=\"c_sep\"><\/div>\n<div class=\"articleBody\">\n<p>Les entreprises soumises \u00e0 l&rsquo;imp\u00f4t sur les soci\u00e9t\u00e9s (IS) qui mettent des v\u00e9los \u00e0 disposition gratuite de leurs salari\u00e9s pour leurs d\u00e9placements domicile-lieu de travail peuvent b\u00e9n\u00e9ficier, \u00e0 compter du 1er\u00a0janvier 2016, d&rsquo;une r\u00e9duction d&rsquo;imp\u00f4t. Son montant est \u00e9gal aux frais engag\u00e9s par cette mise \u00e0 disposition, dans la limite de 25\u00a0% du prix d&rsquo;achat des v\u00e9los.<\/p>\n<aside>\n<h3>Pr\u00e9cision\u00a0:<\/h3>\n<p>la r\u00e9duction d&rsquo;imp\u00f4t vise \u00e9galement les v\u00e9los \u00e0 assistance \u00e9lectrique.<\/p>\n<\/aside>\n<p>Imputable sur l&rsquo;IS d\u00fb par l&rsquo;entreprise au titre de l&rsquo;exercice d&rsquo;engagement des frais, la r\u00e9duction d&rsquo;imp\u00f4t n&rsquo;est ni restituable ni reportable en cas d&rsquo;exc\u00e9dent. Et, pour en b\u00e9n\u00e9ficier, l&rsquo;entreprise doit d\u00e9clarer la r\u00e9duction d&rsquo;imp\u00f4t, selon le format \u00e9tabli par l&rsquo;administration, en m\u00eame temps que la d\u00e9claration annuelle de r\u00e9sultats.<\/p>\n<h2 class=\"title-2\">D\u00e9penses \u00e9ligibles<\/h2>\n<p>Pour le calcul de la r\u00e9duction d&rsquo;imp\u00f4t, seules les d\u00e9penses suivantes sont \u00e0 retenir\u00a0:<br \/>\n&#8211;\u00a0les amortissements fiscalement d\u00e9ductibles relatifs \u00e0 l&rsquo;acquisition des v\u00e9los\u00a0;<br \/>\n&#8211;\u00a0les amortissements ou charges d\u00e9ductibles aff\u00e9rents aux achats ou locations d&rsquo;\u00e9quipements n\u00e9cessaires \u00e0 la s\u00e9curit\u00e9 (par exemple, les casques, les protections, les gilets r\u00e9fl\u00e9chissants ou encore les antivols)\u00a0;<br \/>\n&#8211;\u00a0les frais d&rsquo;assurance contre le vol et couvrant les d\u00e9placements en v\u00e9lo des salari\u00e9s entre leur domicile et leur lieu de travail\u00a0;<br \/>\n&#8211;\u00a0les frais d&rsquo;entretien des v\u00e9los\u00a0;<br \/>\n&#8211;\u00a0les amortissements fiscalement d\u00e9ductibles relatifs \u00e0 la construction ou \u00e0 l&rsquo;am\u00e9nagement d&rsquo;une aire de stationnement ou d&rsquo;un local destin\u00e9 aux v\u00e9los ou les frais li\u00e9s \u00e0 la location de tels espaces.<\/p>\n<p><a class=\"o_r_notchanged\" href=\"https:\/\/www.legifrance.gouv.fr\/affichTexte.do?cidTexte=JORFTEXT000032097398&amp;dateTexte=20160224\" target=\"_blank\" rel=\"noopener\"> D\u00e9cret n\u00b0 2016-179 du 22\u00a0f\u00e9vrier 2016, JO du\u00a024 <\/a><\/p>\n<div id=\"fb-root\"><\/div>\n<p><script>(function(d, s, id) {  var js, fjs = d.getElementsByTagName(s)[0];  if (d.getElementById(id)) return;  js = d.createElement(s); js.id = id;  js.src = 'https:\/\/connect.facebook.net\/fr_FR\/sdk.js#xfbml=1&version=v2.12';  fjs.parentNode.insertBefore(js, fjs);}(document, 'script', 'facebook-jssdk'));<\/script><\/p>\n<div class=\"fb-video\" data-href=\"https:\/\/www.facebook.com\/brutofficiel\/videos\/1952087258374245\/\" data-width=\"584\">\n<blockquote cite=\"https:\/\/www.facebook.com\/brutofficiel\/videos\/1952087258374245\/\" class=\"fb-xfbml-parse-ignore\"><p><a href=\"https:\/\/www.facebook.com\/brutofficiel\/videos\/1952087258374245\/\">L&#039;indemnit\u00e9 kilom\u00e9trique v\u00e9lo bient\u00f4t obligatoire dans les ent&#8230;<\/a><\/p>\n<p>Tag ton DRH \u2b07<\/p>\n<p>Publi\u00e9 par <a href=\"https:\/\/www.facebook.com\/brutofficiel\/\">Brut<\/a> sur jeudi 21 d\u00e9cembre 2017<\/p><\/blockquote>\n<\/div>\n<\/div>\n","protected":false},"excerpt":{"rendered":"<p>R\u00e9duction d\u2019imp\u00f4t v\u00e9los\u00a0: tous en selle\u00a0! Tout d&rsquo;abord, un lien utile pour comprendre :\u00a0\u00a0\u00a0\u00a0 L&rsquo;indemnit\u00e9 kilom\u00e9trique\u00a0 ? Un d\u00e9cret est enfin venu pr\u00e9ciser les modalit\u00e9s d&rsquo;application de la r\u00e9duction d&rsquo;imp\u00f4t pour les entreprises qui mettent des v\u00e9los \u00e0 disposition de &hellip; <a href=\"https:\/\/montelovelo.fr\/index.php\/pour-les-entreprises\/\">Lire la suite <span class=\"meta-nav\">&rarr;<\/span><\/a><\/p>\n","protected":false},"author":1,"featured_media":0,"parent":0,"menu_order":0,"comment_status":"closed","ping_status":"closed","template":"","meta":[],"_links":{"self":[{"href":"https:\/\/montelovelo.fr\/index.php\/wp-json\/wp\/v2\/pages\/70"}],"collection":[{"href":"https:\/\/montelovelo.fr\/index.php\/wp-json\/wp\/v2\/pages"}],"about":[{"href":"https:\/\/montelovelo.fr\/index.php\/wp-json\/wp\/v2\/types\/page"}],"author":[{"embeddable":true,"href":"https:\/\/montelovelo.fr\/index.php\/wp-json\/wp\/v2\/users\/1"}],"replies":[{"embeddable":true,"href":"https:\/\/montelovelo.fr\/index.php\/wp-json\/wp\/v2\/comments?post=70"}],"version-history":[{"count":6,"href":"https:\/\/montelovelo.fr\/index.php\/wp-json\/wp\/v2\/pages\/70\/revisions"}],"predecessor-version":[{"id":415,"href":"https:\/\/montelovelo.fr\/index.php\/wp-json\/wp\/v2\/pages\/70\/revisions\/415"}],"wp:attachment":[{"href":"https:\/\/montelovelo.fr\/index.php\/wp-json\/wp\/v2\/media?parent=70"}],"curies":[{"name":"wp","href":"https:\/\/api.w.org\/{rel}","templated":true}]}}