{"id":278,"date":"2016-04-04T15:00:57","date_gmt":"2016-04-04T14:00:57","guid":{"rendered":"http:\/\/montelovelo.fr\/?page_id=278"},"modified":"2020-11-22T11:31:24","modified_gmt":"2020-11-22T10:31:24","slug":"liens","status":"publish","type":"page","link":"https:\/\/montelovelo.fr\/index.php\/liens\/","title":{"rendered":"Liens"},"content":{"rendered":"<ul>\n<li>Notre association est adh\u00e9rente de la F\u00e9d\u00e9ration des usagers de la bicyclette (FUB ou FUBICY) qui regroupe aujourd&rsquo;hui plus de 190 associations de cyclistes urbains.<\/li>\n<\/ul>\n<p>Lien FUB :<\/p>\n<p><a href=\"http:\/\/www.fub.fr\/fub\/a-propos\" rel=\"noopener\"><img decoding=\"async\" loading=\"lazy\" id=\"logo\" class=\"alignnone\" src=\"http:\/\/www.fub.fr\/sites\/all\/themes\/fub\/logo.svg\" alt=\"F\u00e9d\u00e9ration fran\u00e7aise des usagers de la bicyclette\" width=\"198\" height=\"172\" \/><\/a><\/p>\n<ul>\n<li>Nous sommes \u00e9galement adh\u00e9rents de \u00ab\u00a0l&rsquo;heureux cyclage\u00a0\u00bb, r\u00e9seau d&rsquo;ateliers participatifs :<\/li>\n<\/ul>\n<p><a href=\"https:\/\/www.heureux-cyclage.org\/\" rel=\"noopener\"><img decoding=\"async\" loading=\"lazy\" class=\"alignnone wp-image-283 size-thumbnail\" src=\"http:\/\/montelovelo.fr\/wp-content\/uploads\/2016\/04\/heureux-cyclage-135x150.jpg\" alt=\"heureux cyclage\" width=\"135\" height=\"150\" \/><\/a><\/p>\n<ul>\n<li>L&rsquo;association Fran\u00e7aise des v\u00e9loroutes et voies vertes (AF3V) est une association qui \u0153uvre au d\u00e9veloppement de voies de circulation \u00ab\u00a0douces\u00a0\u00bb sur tout le territoire. Beaucoup de renseignements pour ceux qui veulent pr\u00e9parer un voyage \u00e0 v\u00e9lo :<\/li>\n<\/ul>\n<p><a href=\"http:\/\/www.af3v.org\/index.php\" rel=\"noopener\"><img decoding=\"async\" loading=\"lazy\" class=\"alignnone wp-image-286 size-thumbnail\" src=\"http:\/\/montelovelo.fr\/wp-content\/uploads\/2016\/04\/logo_af3v-150x113.gif\" alt=\"logo_af3v\" width=\"150\" height=\"113\" \/><\/a><\/p>\n<ul>\n<li>Collectif v\u00e9lo Diois\u00a0<\/li>\n<\/ul>\n<p><img decoding=\"async\" loading=\"lazy\" class=\"alignnone wp-image-289 size-full\" src=\"http:\/\/montelovelo.fr\/wp-content\/uploads\/2016\/04\/Collectif-Die.jpg\" alt=\"Collectif Die\" width=\"192\" height=\"128\" \/><\/p>\n\n\n<ul><li>Roulez en ville \u00e0 v\u00e9lo \u00e0 Valence<\/li><li><\/li><\/ul>\n\n\n\n<div class=\"wp-block-image\"><figure class=\"alignleft\"><a href=\"http:\/\/revv-valence.org\"><img decoding=\"async\" loading=\"lazy\" width=\"446\" height=\"113\" src=\"http:\/\/montelovelo.fr\/wp-content\/uploads\/2020\/11\/t\u00e9l\u00e9chargement.jpg\" alt=\"\" class=\"wp-image-932\" srcset=\"https:\/\/montelovelo.fr\/wp-content\/uploads\/2020\/11\/t\u00e9l\u00e9chargement.jpg 446w, https:\/\/montelovelo.fr\/wp-content\/uploads\/2020\/11\/t\u00e9l\u00e9chargement-300x76.jpg 300w\" sizes=\"(max-width: 446px) 100vw, 446px\" \/><\/a><\/figure><\/div>\n\n\n\n<p><\/p>\n","protected":false},"excerpt":{"rendered":"<p>Notre association est adh\u00e9rente de la F\u00e9d\u00e9ration des usagers de la bicyclette (FUB ou FUBICY) qui regroupe aujourd&rsquo;hui plus de 190 associations de cyclistes urbains. Lien FUB : Nous sommes \u00e9galement adh\u00e9rents de \u00ab\u00a0l&rsquo;heureux cyclage\u00a0\u00bb, r\u00e9seau d&rsquo;ateliers participatifs : L&rsquo;association &hellip; <a href=\"https:\/\/montelovelo.fr\/index.php\/liens\/\">Lire la suite <span class=\"meta-nav\">&rarr;<\/span><\/a><\/p>\n","protected":false},"author":1,"featured_media":0,"parent":0,"menu_order":0,"comment_status":"closed","ping_status":"closed","template":"","meta":[],"_links":{"self":[{"href":"https:\/\/montelovelo.fr\/index.php\/wp-json\/wp\/v2\/pages\/278"}],"collection":[{"href":"https:\/\/montelovelo.fr\/index.php\/wp-json\/wp\/v2\/pages"}],"about":[{"href":"https:\/\/montelovelo.fr\/index.php\/wp-json\/wp\/v2\/types\/page"}],"author":[{"embeddable":true,"href":"https:\/\/montelovelo.fr\/index.php\/wp-json\/wp\/v2\/users\/1"}],"replies":[{"embeddable":true,"href":"https:\/\/montelovelo.fr\/index.php\/wp-json\/wp\/v2\/comments?post=278"}],"version-history":[{"count":11,"href":"https:\/\/montelovelo.fr\/index.php\/wp-json\/wp\/v2\/pages\/278\/revisions"}],"predecessor-version":[{"id":937,"href":"https:\/\/montelovelo.fr\/index.php\/wp-json\/wp\/v2\/pages\/278\/revisions\/937"}],"wp:attachment":[{"href":"https:\/\/montelovelo.fr\/index.php\/wp-json\/wp\/v2\/media?parent=278"}],"curies":[{"name":"wp","href":"https:\/\/api.w.org\/{rel}","templated":true}]}}