{"id":236,"date":"2016-04-03T13:35:41","date_gmt":"2016-04-03T12:35:41","guid":{"rendered":"http:\/\/montelovelo.fr\/?page_id=236"},"modified":"2020-11-22T10:09:17","modified_gmt":"2020-11-22T09:09:17","slug":"actions-realisees","status":"publish","type":"page","link":"https:\/\/montelovelo.fr\/index.php\/actions-realisees\/","title":{"rendered":"Que faisons nous ?"},"content":{"rendered":"<p>Quelques actions r\u00e9alis\u00e9es au cours des derni\u00e8res ann\u00e9es :<\/p>\n<ul>\n<li><strong>Sorties r\u00e9guli\u00e8res<\/strong> sur des trajets en ville pour noter ce qui pose probl\u00e8me pour la circulation des v\u00e9los.<\/li>\n<li><strong>Encadrement d&rsquo;actions d&rsquo;apprentissage<\/strong> du v\u00e9lo pour adultes (v\u00e9lo-\u00e9cole) \u00e0 Mont\u00e9limar depuis 2018.<\/li>\n<li><strong>Test<\/strong> multi modal (17 octobre 2009) : 4 circuits \u00e0 v\u00e9lo, en moto, en voiture, en bus<\/li>\n<li>\u00a0Action <strong>double sens cyclable<\/strong><\/li>\n<li>Achat et vente de gilets fluo avec le logo \u00ab Mont\u00e9lov\u00e9lo \u00bb<\/li>\n<li>Vente d\u2019<strong>\u00e9carteurs<\/strong> \u00e0 prix co\u00fbtants<\/li>\n<li>participation \u00e0 l&rsquo;assembl\u00e9e g\u00e9n\u00e9rale de \u00ab\u00a0l&rsquo;heureux cyclage\u00a0\u00bb \u00e0 Gap et \u00e0 Clermont Ferrand.<\/li>\n<li>Participation aux journ\u00e9es de formation de la FUB \u00e0 Rennes du 25 au 27 novembre 2010.<\/li>\n<li>Nous avons offert le livre De la voiture au v\u00e9lo \u00e0 Monsieur le D\u00e9put\u00e9 Mairie pas de r\u00e9ponse.<\/li>\n<li>Participation aux assembl\u00e9es g\u00e9n\u00e9rales de la FUB : 2016 \u00e0 La Rochelle et 2018 \u00e0 Lyon.<\/li>\n<li>Participation \u00e0 des formations encadr\u00e9es par la FUB (apprentissage du v\u00e9lo)<\/li>\n<li>Nous avons r\u00e9alis\u00e9 plusieurs <strong>marquages<\/strong> v\u00e9los (maintenant possible tout le temps gr\u00e2ce \u00e0 notre machine).<\/li>\n<li>Action <strong>parking day<\/strong><\/li>\n<li><strong>Test<\/strong> 4 trajets voiture &#8211; v\u00e9lo avec les journalistes du Dauphin\u00e9 : 23 octobre 2012<\/li>\n<li>Novembre 2012 : distribution de brassards lumineux offerts par G\u00e9ant.<\/li>\n<li>Soir\u00e9e voyage \u00e0 v\u00e9lo d\u00e9cembre 2012 puis une deuxi\u00e8me en d\u00e9cembre 2014.<\/li>\n<li>Formation avec l&rsquo;<strong>Universit\u00e9 Populaire<\/strong> (6 personnes).<\/li>\n<li>Accueil Bike for Peace.<\/li>\n<li>Chronique mensuelle sur le v\u00e9lo dans La Tribune pendant 1 an.<\/li>\n<li>Sorties <strong>f\u00eate du v\u00e9lo<\/strong> Viarh\u00f4na vers le sud et vers le nord jusqu&rsquo;\u00e0 la passe aux poissons rivi\u00e8re Dr\u00f4me.<\/li>\n<li>Ouverture de l&rsquo;<strong>atelier<\/strong> <strong>\u00ab\u00a0je p&rsquo;neu le faire\u00a0\u00bb<\/strong> mars 2014.<\/li>\n<li>R\u00e9alisation d&rsquo;un d\u00e9pliant circuits \u00e0 v\u00e9lo dans Mont\u00e9limar.<\/li>\n<li>Participation a des r\u00e9unions sur la Voie verte V\u00e9loroute du Jabron et participation \u00e0 l&rsquo;inauguration du premier tron\u00e7on.<\/li>\n<\/ul>\n","protected":false},"excerpt":{"rendered":"<p>Quelques actions r\u00e9alis\u00e9es au cours des derni\u00e8res ann\u00e9es : Sorties r\u00e9guli\u00e8res sur des trajets en ville pour noter ce qui pose probl\u00e8me pour la circulation des v\u00e9los. Encadrement d&rsquo;actions d&rsquo;apprentissage du v\u00e9lo pour adultes (v\u00e9lo-\u00e9cole) \u00e0 Mont\u00e9limar depuis 2018. Test &hellip; <a href=\"https:\/\/montelovelo.fr\/index.php\/actions-realisees\/\">Lire la suite <span class=\"meta-nav\">&rarr;<\/span><\/a><\/p>\n","protected":false},"author":1,"featured_media":0,"parent":0,"menu_order":0,"comment_status":"closed","ping_status":"closed","template":"","meta":[],"_links":{"self":[{"href":"https:\/\/montelovelo.fr\/index.php\/wp-json\/wp\/v2\/pages\/236"}],"collection":[{"href":"https:\/\/montelovelo.fr\/index.php\/wp-json\/wp\/v2\/pages"}],"about":[{"href":"https:\/\/montelovelo.fr\/index.php\/wp-json\/wp\/v2\/types\/page"}],"author":[{"embeddable":true,"href":"https:\/\/montelovelo.fr\/index.php\/wp-json\/wp\/v2\/users\/1"}],"replies":[{"embeddable":true,"href":"https:\/\/montelovelo.fr\/index.php\/wp-json\/wp\/v2\/comments?post=236"}],"version-history":[{"count":7,"href":"https:\/\/montelovelo.fr\/index.php\/wp-json\/wp\/v2\/pages\/236\/revisions"}],"predecessor-version":[{"id":920,"href":"https:\/\/montelovelo.fr\/index.php\/wp-json\/wp\/v2\/pages\/236\/revisions\/920"}],"wp:attachment":[{"href":"https:\/\/montelovelo.fr\/index.php\/wp-json\/wp\/v2\/media?parent=236"}],"curies":[{"name":"wp","href":"https:\/\/api.w.org\/{rel}","templated":true}]}}