{"id":2,"date":"2016-02-06T19:35:50","date_gmt":"2016-02-06T18:35:50","guid":{"rendered":"http:\/\/montelovelo.fr\/?page_id=2"},"modified":"2025-03-08T18:08:50","modified_gmt":"2025-03-08T17:08:50","slug":"page-d-exemple","status":"publish","type":"page","link":"https:\/\/montelovelo.fr\/index.php\/page-d-exemple\/","title":{"rendered":"Accueil"},"content":{"rendered":"<p><strong>MONTELOVELO<\/strong> <em>est adh\u00e9rente du r\u00e9seau<\/em> FUB (f\u00e9d\u00e9ration des usagers de la bicyclette).<a href=\"http:\/\/www.fub.fr\/fub\/a-propos\" rel=\"noopener\"><img decoding=\"async\" loading=\"lazy\" id=\"logo\" class=\"alignright\" src=\"http:\/\/www.fub.fr\/sites\/all\/themes\/fub\/logo.svg\" alt=\"F\u00e9d\u00e9ration fran\u00e7aise des usagers de la bicyclette\" width=\"59\" height=\"52\"><\/a><\/p>\n<h2>Besoin d&rsquo;une petite r\u00e9paration ?<\/h2>\n<p><img decoding=\"async\" loading=\"lazy\" class=\"alignnone  wp-image-909\" src=\"http:\/\/montelovelo.fr\/wp-content\/uploads\/2020\/11\/images.jpg\" alt=\"\" width=\"368\" height=\"276\"><\/p>\n<h1>Pas de souci, je suis adh\u00e9rent, je passe par l&rsquo;atelier je p&rsquo;neu le faire.<\/h1>\n<p><\/p>\n\n\n<h2><\/h2>\n","protected":false},"excerpt":{"rendered":"<p>MONTELOVELO est adh\u00e9rente du r\u00e9seau FUB (f\u00e9d\u00e9ration des usagers de la bicyclette). Besoin d&rsquo;une petite r\u00e9paration ? Pas de souci, je suis adh\u00e9rent, je passe par l&rsquo;atelier je p&rsquo;neu le faire.<\/p>\n","protected":false},"author":1,"featured_media":0,"parent":0,"menu_order":0,"comment_status":"closed","ping_status":"open","template":"showcase.php","meta":[],"_links":{"self":[{"href":"https:\/\/montelovelo.fr\/index.php\/wp-json\/wp\/v2\/pages\/2"}],"collection":[{"href":"https:\/\/montelovelo.fr\/index.php\/wp-json\/wp\/v2\/pages"}],"about":[{"href":"https:\/\/montelovelo.fr\/index.php\/wp-json\/wp\/v2\/types\/page"}],"author":[{"embeddable":true,"href":"https:\/\/montelovelo.fr\/index.php\/wp-json\/wp\/v2\/users\/1"}],"replies":[{"embeddable":true,"href":"https:\/\/montelovelo.fr\/index.php\/wp-json\/wp\/v2\/comments?post=2"}],"version-history":[{"count":67,"href":"https:\/\/montelovelo.fr\/index.php\/wp-json\/wp\/v2\/pages\/2\/revisions"}],"predecessor-version":[{"id":1320,"href":"https:\/\/montelovelo.fr\/index.php\/wp-json\/wp\/v2\/pages\/2\/revisions\/1320"}],"wp:attachment":[{"href":"https:\/\/montelovelo.fr\/index.php\/wp-json\/wp\/v2\/media?parent=2"}],"curies":[{"name":"wp","href":"https:\/\/api.w.org\/{rel}","templated":true}]}}