{"id":194,"date":"2016-03-08T09:10:49","date_gmt":"2016-03-08T08:10:49","guid":{"rendered":"http:\/\/montelovelo.fr\/?page_id=194"},"modified":"2026-02-16T10:29:52","modified_gmt":"2026-02-16T09:29:52","slug":"le-bureau","status":"publish","type":"page","link":"https:\/\/montelovelo.fr\/index.php\/le-bureau\/","title":{"rendered":"Le Bureau, l&rsquo;AG, la cotisation."},"content":{"rendered":"\n<h2 class=\"has-large-font-size\">Le Bureau.<\/h2>\n\n\n<p>Le bureau est le suivant :<\/p>\n<ul>\n<li><strong>Pr\u00e9sidente<\/strong> Agnes Debal<\/li>\n<li><strong>Vice-Pr\u00e9sident :<\/strong> Nicolas Vol<\/li>\n<li><strong>Secr\u00e9taire :<\/strong> Corinne Bourgery<\/li>\n<li><strong>Secr\u00e9taire adjointe :<\/strong> Fran\u00e7oise Chazalet<\/li>\n<li><strong>Tr\u00e9sorier :<\/strong> Serge LEGUILLON<\/li>\n<li><strong>Tr\u00e9sorier adjoint :<\/strong> Jean-Claude BOCK<\/li>\n<\/ul>\n\n\n<p><\/p>\n\n\n<p>Les autres membres du CA :<\/p>\n<ul>\n<li>Bruno Rivoire<\/li>\n<li>Chantal Beraud<\/li>\n<li>Gilbert Beraud<\/li>\n<li>Dominique Pascal<\/li>\n<li>Henry Poinot<\/li>\n<li>Pierre Michelet<\/li>\n<li>R\u00e9gis Quanquin<\/li>\n<\/ul>\n\n\n<h2 class=\"has-large-font-size\">L&rsquo;assembl\u00e9e g\u00e9n\u00e9rale.<\/h2>\n\n\n\n<p>L&rsquo;assembl\u00e9e g\u00e9n\u00e9rale s&rsquo;est tenue le vendredi 23 janvier 2026.<\/p>\n\n\n\n<p>Nous vous en proposons un compte rendu d\u00e9taill\u00e9e.<\/p>\n\n\n\n<p><strong>CR AG du 23 janvier 2026<\/strong><\/p>\n\n\n\n<p>L\u2019assembl\u00e9e g\u00e9n\u00e9rale de Mont\u00e9lov\u00e9lo s\u2019est d\u00e9roul\u00e9e en pr\u00e9sence d\u2019une cinquantaine de personnes.<\/p>\n\n\n\n<p>Apr\u00e8s avoir excus\u00e9 une quinzaine de personnes, remerci\u00e9 la pr\u00e9sence de Mme Verch\u00e8re au nom de la ville de Mont\u00e9limar (adjointe au Maire, notamment en mati\u00e8re de mobilit\u00e9s), ainsi que celle des journalistes de La Tribune et du Dauphin\u00e9 Lib\u00e9r\u00e9, <em>Agn\u00e8s Debal<\/em>, Pr\u00e9sidente en 2025, a d\u00e9roul\u00e9 l\u2019ordre du jour suivant.<\/p>\n\n\n\n<ul>\n<li><strong>Pr\u00e9sentation du rapport moral<\/strong>&nbsp;: \u00e0 retrouver dans son int\u00e9gralit\u00e9 en <em>pi\u00e8ce jointe \u00e0 ce CR<\/em>. Chantal B\u00e9raud a pris la parole pour commenter la participation au Barom\u00e8tre V\u00e9lo (op\u00e9ration nationale renouvel\u00e9e par laFUB selon une r\u00e9currence non r\u00e9guli\u00e8re, allant de minimum deux ans \u00e0 trois ou 4 ans). C\u2019est une fa\u00e7on d\u2019\u00e9valuer sa ville de pratique du v\u00e9lo&nbsp;sur les am\u00e9nagements existants et leur ad\u00e9quation avec les besoins des usagers du v\u00e9lo. Depuis le dernier barom\u00e8tre de 2021, l\u2019\u00e9dition 2025 permet \u00e0 la ville de Mont\u00e9limar de passer \u00e0 une appr\u00e9ciation globale \u00ab&nbsp;d\u00e9favorable&nbsp;\u00bb \u00e0 \u00ab&nbsp;moyennement favorable&nbsp;\u00bb. Le probl\u00e8me majeur soulign\u00e9 par les usagers reste l\u2019ins\u00e9curit\u00e9 de la pratique du v\u00e9lo faute d\u2019am\u00e9nagements ad hoc \u00e0 Mont\u00e9limar. C\u2019est un frein important \u00e0 l\u2019envie de se d\u00e9placer \u00e0 v\u00e9lo au quotidien. Les questions ou commentaires suscit\u00e9s par ce rapport font partie de la <em>synth\u00e8se conclusive de ce CR<\/em>. <strong>Le rapport moral est adopt\u00e9 \u00e0 l\u2019unanimit\u00e9 des pr\u00e9sents<\/strong><\/li>\n<\/ul>\n\n\n\n<ul>\n<li><\/li>\n<\/ul>\n\n\n\n<ul>\n<li><strong>Renouvellement du Conseil d\u2019Administration&nbsp;: <\/strong>les membres du CA de Mont\u00e9limar sont en place pour un an et donc r\u00e9\u00e9ligibles \u00e0 chaque AG. Sur les <strong>12 sortants<\/strong>, seule la position de Nicolas Vol, absent \u00e0 l\u2019AG, n\u2019est pas connue. Les <strong><em>11 membres<\/em><\/strong> que sont <em>G&amp;C B\u00e9raud, JC Bock, C. Bourgery, F. Chazalet, S. Leguillon, P. Michelet, D. Pascal, R. Quanquin, B. Rivoire et A. Debal<\/em> se proposent \u00e0 nouveau. Aucune nouvelle candidature n\u2019est formul\u00e9e. <strong>Le CA est \u00e9lu \u00e0 l\u2019unanimit\u00e9<\/strong>. Il se r\u00e9unira <em>d\u00e8s le 27\/01\/2026<\/em> et \u00e9lira alors son bureau. <strong><\/strong><\/li>\n<\/ul>\n\n\n\n<ul>\n<li><strong>Quelles perspectives pour l\u2019association&nbsp;?&nbsp;<\/strong>Pour amorcer le d\u00e9bat g\u00e9n\u00e9ral et profiter de la dynamique de l\u2019AG, un petit \u00ab&nbsp;travail&nbsp;\u00bb en ateliers participatifs a \u00e9t\u00e9 propos\u00e9 durant 15mn autour de 4 th\u00e9matiques&nbsp;: <em>organisations de \u00ab&nbsp;sorties\/manifestations&nbsp;\u00bb \u00e0 v\u00e9lo<\/em>, <em>comment mieux communiquer sur l\u2019association<\/em>, <em>quels d\u00e9veloppements pour l\u2019activit\u00e9 \u00ab&nbsp;atelier&nbsp;\u00bb,<\/em> <em>d\u00e9veloppement d\u2019activit\u00e9s p\u00e9dagogiques vers les enfants\/jeunes.<\/em><\/li>\n<\/ul>\n\n\n\n<p>Gr\u00e2ce \u00e0 la participation active de tous les pr\u00e9sents, un point succinct a pu \u00eatre fait par chaque rapporteur d\u2019atelier. Les id\u00e9es qui vont inspirer les mises en \u0153uvre de l\u2019ann\u00e9e 2026 sont bri\u00e8vement rappel\u00e9es ci-dessous.<\/p>\n\n\n\n<ul>\n<li><strong><em>Atelier \u00ab&nbsp;sorties v\u00e9lo<\/em><\/strong>&nbsp;\u00bb&nbsp;: un th\u00e8me de sortie serait de tester un acc\u00e8s d\u2019\u00e9cole am\u00e9nag\u00e9 v\u00e9lo pour faciliter l\u2019arriv\u00e9e des enfants \u00e0 v\u00e9lo. Ce test\/sortie serait \u00e0 mettre en place avec les parents et possiblement les enseignants\/directions d\u2019\u00e9cole&nbsp;; d\u2019autres sorties se renouvelant p\u00e9riodiquement un samedi de 15 \u00e0 17h par exemple, seraient ax\u00e9es sur la d\u00e9couverte\/mise en lumi\u00e8re d\u2019itin\u00e9raires alternatifs pour relier des points strat\u00e9giques de la ville autrement que par les grands axes tr\u00e8s circul\u00e9s (permettrait d\u2019affiner les balisages\/signal\u00e9tiques d\u2019itin\u00e9raires \u00e0 mettre en place par la collectivit\u00e9). Faire au moins une fois dans l\u2019ann\u00e9e une sortie \u00ab&nbsp;d\u00e9tente&nbsp;\u00bb en rapport avec un \u00e9v\u00e8nement de la Ville pour promouvoir le v\u00e9lo de fa\u00e7on active (\u00e0 voir en lien avec la th\u00e9matique \u00ab&nbsp;communication\/\u00e9v\u00e8nementiel&nbsp;\u00bb). Enfin, des sorties encadr\u00e9es pour personnes plus \u00e2g\u00e9es, ou nouvellement mises\/remises en selle, pourraient prolonger l\u2019action de la v\u00e9lo-\u00e9cole pour adultes (\u00e0 pr\u00e9voir davantage en matin\u00e9e de semaine pour se familiariser avec la circulation lorsque moins dense qu\u2019aux heures de pointe)<\/li>\n<\/ul>\n\n\n\n<ul>\n<li><strong><em>Atelier \u00ab&nbsp;activit\u00e9s&nbsp;\u00bb envers les enfants et la pratique du v\u00e9lo&nbsp;: <\/em><\/strong>Mont\u00e9lov\u00e9lo aurait sa place pour sensibiliser les parents et participer \u00e0 l\u2019encadrement de sorties \u00e0 v\u00e9lo. Il serait certainement souhaitable de davantage r\u00e9pondre \u00e0 des attentes et demandes d\u00e9j\u00e0 faites par certaines \u00e9coles, mais auxquelles les b\u00e9n\u00e9voles ont du mal \u00e0 faire face, faute de nombreuses disponibilit\u00e9s. Renforcer l\u2019activit\u00e9 p\u00e9dagogique en support des initiatives propres \u00e0 l\u2019Education nationale est un souhait de l\u2019association mais il faudrait avoir un p\u00f4le renforc\u00e9 de b\u00e9n\u00e9voles volontaires.<\/li>\n<\/ul>\n\n\n\n<ul>\n<li><strong><em>Atelier \u00ab&nbsp;communication&nbsp;\u00bb : <\/em><\/strong>Mont\u00e9lov\u00e9lo avoue ne pas \u00eatre tr\u00e8s forte pour savoir utiliser les outils de communication qui rassembleraient davantage les usagers du v\u00e9lo. Il nous faudrait \u00eatre davantage pr\u00e9sents sur les r\u00e9seaux sociaux d\u2019une part mais aussi participer ou initier des soir\u00e9es, conf\u00e9rences, films de sensibilisation (les partenariats avec les Templiers, M\u00e9diath\u00e8que sont \u00e0 renforcer). Il faut arriver \u00e0 mieux faire conna\u00eetre la v\u00e9lo-\u00e9cole. Lors de cette restitution, Mme Verch\u00e8re ajoute quelques suggestions comme contacter les associations telles que \u00ab&nbsp;<em>60 ans et plus<\/em>&nbsp;\u00bb, \u00ab&nbsp;<em>retraite active<\/em>&nbsp;\u00bb, le \u00ab&nbsp;<em>conseil municipal des Jeunes<\/em>&nbsp;\u00bb et le <em>service jeunesse de la ville<\/em>, etc.<\/li>\n<\/ul>\n\n\n\n<ul>\n<li><strong><em>Atelier \u00ab&nbsp;dynamique et avenir de l\u2019atelier participatif&nbsp;\u00bb : <\/em><\/strong>l\u2019atelier est tr\u00e8s actif gr\u00e2ce \u00e0 une \u00e9quipe qui ne demande qu\u2019\u00e0 int\u00e9grer de nouveaux venus bien bricoleurs et pr\u00eats \u00e0 donner de leur pr\u00e9cieux temps. Une orientation technique pour mieux aborder la forte demande pour les V\u00e9los \u00e0 Assistance Electrique (VAE) demanderait une formation des intervenants de l\u2019atelier sur le sujet. Une autre formation serait int\u00e9ressante sur tout ce qui concerne le freinage hydraulique. Les finances de l\u2019association permettraient de faire venir les formateurs voulus ou de se d\u00e9placer pour suivre des sessions existantes (voir par exemple aupr\u00e8s de l\u2019\u00e9tablissement Cornu\/Oxyg\u00e8ne ou aupr\u00e8s d\u2019autres ateliers dr\u00f4mois ou via la FUB&nbsp;?&#8230;)<\/li>\n<\/ul>\n\n\n\n<p>Avant de cl\u00f4turer l\u2019AG autour du partage tr\u00e8s convivial de la galette, la place a \u00e9t\u00e9 laiss\u00e9e \u00e0 un ultime \u00e9change entre tous les pr\u00e9sents. Ce qui a permis de faire le point du plan v\u00e9lo commandit\u00e9 par la Municipalit\u00e9 sortante. Le r\u00e9sultat du travail men\u00e9 par le bureau d\u2019\u00e9tudes en charge du sujet, sera remis comme pr\u00e9vu d\u00e9but mars. Il r\u00e9v\u00e8lera toutes les circulations et les am\u00e9nagements \u00e0 envisager pour la pratique s\u00e9curis\u00e9e du v\u00e9lo \u00e0 Mont\u00e9limar avec les priorit\u00e9s d\u2019actions et les co\u00fbts inh\u00e9rents. Ces propositions seront d\u00e9sormais soumises aux choix de mise en \u0153uvre que souhaitera faire la prochaine \u00e9quipe municipale \u00e9lu \u00e0 l\u2019issue du scrutin des 15 et 22\/03\/2026. Ce d\u00e9bat de fond a \u00e9galement permis de rappeler quelques r\u00e9glementations des circulations partag\u00e9es.&nbsp;&nbsp;<\/p>\n\n\n\n<p>Pour l\u2019association, <em>Corinne BOURGERY (secr\u00e9taire du CA en 2025)<\/em><\/p>\n\n\n\n<p>Fait le 24\/01\/2026<\/p>\n\n\n\n<h1 class=\"has-large-font-size\">La Cotisation.<\/h1>\n\n\n\n<p>L&rsquo;adh\u00e9sion \u00e0 l&rsquo;association reste inchang\u00e9e : 15 \u20ac l&rsquo;ann\u00e9e.<\/p>\n\n\n\n<p>(\u00e0 partir de septembre, la cotisation est de 20 \u20ac et couvre le dernier trimestre et l&rsquo;ann\u00e9e suivante.)<\/p>\n\n\n\n<h1 class=\"has-large-font-size\">Vu dans la Tribune<\/h1>\n\n\n\n<figure class=\"wp-block-image size-large\"><img decoding=\"async\" loading=\"lazy\" width=\"1024\" height=\"879\" src=\"https:\/\/montelovelo.fr\/wp-content\/uploads\/2026\/02\/Tribune_assemblee_generale_v2-1024x879.jpg\" alt=\"\" class=\"wp-image-1413\" srcset=\"https:\/\/montelovelo.fr\/wp-content\/uploads\/2026\/02\/Tribune_assemblee_generale_v2-1024x879.jpg 1024w, https:\/\/montelovelo.fr\/wp-content\/uploads\/2026\/02\/Tribune_assemblee_generale_v2-300x258.jpg 300w, https:\/\/montelovelo.fr\/wp-content\/uploads\/2026\/02\/Tribune_assemblee_generale_v2-768x659.jpg 768w, https:\/\/montelovelo.fr\/wp-content\/uploads\/2026\/02\/Tribune_assemblee_generale_v2-1536x1319.jpg 1536w, https:\/\/montelovelo.fr\/wp-content\/uploads\/2026\/02\/Tribune_assemblee_generale_v2-2048x1758.jpg 2048w, https:\/\/montelovelo.fr\/wp-content\/uploads\/2026\/02\/Tribune_assemblee_generale_v2-349x300.jpg 349w\" sizes=\"(max-width: 1024px) 100vw, 1024px\" \/><\/figure>\n","protected":false},"excerpt":{"rendered":"<p>Le Bureau. Le bureau est le suivant : Pr\u00e9sidente Agnes Debal Vice-Pr\u00e9sident : Nicolas Vol Secr\u00e9taire : Corinne Bourgery Secr\u00e9taire adjointe : Fran\u00e7oise Chazalet Tr\u00e9sorier : Serge LEGUILLON Tr\u00e9sorier adjoint : Jean-Claude BOCK Les autres membres du CA : Bruno &hellip; <a href=\"https:\/\/montelovelo.fr\/index.php\/le-bureau\/\">Lire la suite <span class=\"meta-nav\">&rarr;<\/span><\/a><\/p>\n","protected":false},"author":1,"featured_media":0,"parent":0,"menu_order":0,"comment_status":"closed","ping_status":"closed","template":"","meta":[],"_links":{"self":[{"href":"https:\/\/montelovelo.fr\/index.php\/wp-json\/wp\/v2\/pages\/194"}],"collection":[{"href":"https:\/\/montelovelo.fr\/index.php\/wp-json\/wp\/v2\/pages"}],"about":[{"href":"https:\/\/montelovelo.fr\/index.php\/wp-json\/wp\/v2\/types\/page"}],"author":[{"embeddable":true,"href":"https:\/\/montelovelo.fr\/index.php\/wp-json\/wp\/v2\/users\/1"}],"replies":[{"embeddable":true,"href":"https:\/\/montelovelo.fr\/index.php\/wp-json\/wp\/v2\/comments?post=194"}],"version-history":[{"count":39,"href":"https:\/\/montelovelo.fr\/index.php\/wp-json\/wp\/v2\/pages\/194\/revisions"}],"predecessor-version":[{"id":1415,"href":"https:\/\/montelovelo.fr\/index.php\/wp-json\/wp\/v2\/pages\/194\/revisions\/1415"}],"wp:attachment":[{"href":"https:\/\/montelovelo.fr\/index.php\/wp-json\/wp\/v2\/media?parent=194"}],"curies":[{"name":"wp","href":"https:\/\/api.w.org\/{rel}","templated":true}]}}