{"id":178,"date":"2016-03-08T08:17:20","date_gmt":"2016-03-08T07:17:20","guid":{"rendered":"http:\/\/montelovelo.fr\/?page_id=178"},"modified":"2025-03-08T17:43:31","modified_gmt":"2025-03-08T16:43:31","slug":"histoire-de-lassociation","status":"publish","type":"page","link":"https:\/\/montelovelo.fr\/index.php\/histoire-de-lassociation\/","title":{"rendered":"L&rsquo;association"},"content":{"rendered":"<p><strong>L\u2019association Mont\u00e9lov\u00e9lo a \u00e9t\u00e9 cr\u00e9\u00e9e le 5 mai 2008 de la volont\u00e9 de 7 personnes.<\/strong><\/p>\n<p>L\u2019association a pour objectif de faciliter et promouvoir l\u2019utilisation en toute s\u00e9curit\u00e9 de la bicyclette comme moyen de d\u00e9placement \u00e0 part enti\u00e8re et d\u2019une mani\u00e8re plus g\u00e9n\u00e9rale les d\u00e9placements non motoris\u00e9s dans l\u2019espace public . Ceci est aujourd\u2019hui une n\u00e9cessit\u00e9 pour retrouver en ville, et \u00e0 Mont\u00e9limar en particulier, une qualit\u00e9 de vie et des relations humaines disparues.<\/p>\n<ul>\n<li>Objectifs.<\/li>\n<\/ul>\n<p><em>D\u00e9velopper l\u2019usage du v\u00e9lo<\/em> comme moyen de transport.<\/p>\n<p><em>Rassembler et d\u00e9fendre les usagers de la bicyclette<\/em>, am\u00e9liorer la s\u00e9curit\u00e9 des cyclistes<\/p>\n<p><em>Contribuer \u00e0 rendre la ville plus humaine<\/em> et la rue plus conviviale, diminuer le bruit et la pollution<\/p>\n<p>F\u00e9d\u00e9rer les initiatives citoyennes (partage, ateliers coop\u00e9ratifs de r\u00e9paration, recyclage\u2026)<\/p>\n<ul>\n<li>Nos moyens<\/li>\n<\/ul>\n<p>L\u2019association :<\/p>\n<ol>\n<li>Aide, informe et forme les cyclistes en g\u00e9n\u00e9ral, et ses adh\u00e9rents en particulier, par tous moyens (rencontres-d\u00e9bats, bulletin, site internet, r\u00e9seaux sociaux\u2026)<\/li>\n<li>G\u00e8re un atelier participatif : <strong>\u00ab\u00a0Je pneu le faire\u00a0\u00bb<\/strong> ouvert \u00e0 tous les adh\u00e9rents et qui permet gr\u00e2ce \u00e0 des b\u00e9n\u00e9voles, l&rsquo;entretien des v\u00e9los.<\/li>\n<li>Formule des propositions et en discute avec les pouvoirs publics au niveau local<\/li>\n<li>Organise des manifestations militantes et festives (v\u00e9lorutions, sorties d\u00e9couvertes\u2026) ouvertes \u00e0 tous pour affirmer la place des cyclistes dans l\u2019espace public<\/li>\n<li>Assure la pr\u00e9sence des cyclistes dans les m\u00e9dias locaux<\/li>\n<li>Adh\u00e8re \u00e0 la F\u00e9d\u00e9ration Fran\u00e7aise des Usagers de la Bicyclette, collabore avec les associations cyclistes de la r\u00e9gion, coordonne ses actions avec les associations sportives de v\u00e9lo<\/li>\n<li>Adh\u00e8re \u00e0 l&rsquo;Heureux cyclage qui a pour objet de promouvoir et valoriser l&rsquo;activit\u00e9 des \u00ab\u00a0ateliers v\u00e9lo\u00a0\u00bb. Les Ateliers v\u00e9lo se d\u00e9finissent par leurs activit\u00e9s de promotion active du v\u00e9lo bas\u00e9es sur le r\u00e9emploi de v\u00e9los inutilis\u00e9s et l&rsquo;apprentissage de la m\u00e9canique.<\/li>\n<\/ol>\n","protected":false},"excerpt":{"rendered":"<p>L\u2019association Mont\u00e9lov\u00e9lo a \u00e9t\u00e9 cr\u00e9\u00e9e le 5 mai 2008 de la volont\u00e9 de 7 personnes. L\u2019association a pour objectif de faciliter et promouvoir l\u2019utilisation en toute s\u00e9curit\u00e9 de la bicyclette comme moyen de d\u00e9placement \u00e0 part enti\u00e8re et d\u2019une mani\u00e8re &hellip; <a href=\"https:\/\/montelovelo.fr\/index.php\/histoire-de-lassociation\/\">Lire la suite <span class=\"meta-nav\">&rarr;<\/span><\/a><\/p>\n","protected":false},"author":1,"featured_media":0,"parent":0,"menu_order":0,"comment_status":"closed","ping_status":"closed","template":"","meta":[],"_links":{"self":[{"href":"https:\/\/montelovelo.fr\/index.php\/wp-json\/wp\/v2\/pages\/178"}],"collection":[{"href":"https:\/\/montelovelo.fr\/index.php\/wp-json\/wp\/v2\/pages"}],"about":[{"href":"https:\/\/montelovelo.fr\/index.php\/wp-json\/wp\/v2\/types\/page"}],"author":[{"embeddable":true,"href":"https:\/\/montelovelo.fr\/index.php\/wp-json\/wp\/v2\/users\/1"}],"replies":[{"embeddable":true,"href":"https:\/\/montelovelo.fr\/index.php\/wp-json\/wp\/v2\/comments?post=178"}],"version-history":[{"count":11,"href":"https:\/\/montelovelo.fr\/index.php\/wp-json\/wp\/v2\/pages\/178\/revisions"}],"predecessor-version":[{"id":1309,"href":"https:\/\/montelovelo.fr\/index.php\/wp-json\/wp\/v2\/pages\/178\/revisions\/1309"}],"wp:attachment":[{"href":"https:\/\/montelovelo.fr\/index.php\/wp-json\/wp\/v2\/media?parent=178"}],"curies":[{"name":"wp","href":"https:\/\/api.w.org\/{rel}","templated":true}]}}