{"id":1456,"date":"2026-03-24T09:58:04","date_gmt":"2026-03-24T08:58:04","guid":{"rendered":"https:\/\/montelovelo.fr\/?page_id=1456"},"modified":"2026-03-26T16:26:31","modified_gmt":"2026-03-26T15:26:31","slug":"formulaire-dadhesion","status":"publish","type":"page","link":"https:\/\/montelovelo.fr\/index.php\/formulaire-dadhesion\/","title":{"rendered":"Formulaire d&rsquo;adh\u00e9sion."},"content":{"rendered":"\n<div class=\"wp-block-file\"><object class=\"wp-block-file__embed\" data=\"https:\/\/montelovelo.fr\/wp-content\/uploads\/2026\/03\/bulletin-adhesion-2026.pdf\" type=\"application\/pdf\" style=\"width:100%;height:860px\" aria-label=\"Contenu embarqu\u00e9 bulletin-adhesion-2026.\"><\/object><a id=\"wp-block-file--media-d35fe35b-39d6-4745-ae91-0c6dbe3e5846\" href=\"https:\/\/montelovelo.fr\/wp-content\/uploads\/2026\/03\/bulletin-adhesion-2026.pdf\">bulletin-adhesion-2026<\/a><a href=\"https:\/\/montelovelo.fr\/wp-content\/uploads\/2026\/03\/bulletin-adhesion-2026.pdf\" class=\"wp-block-file__button wp-element-button\" download aria-describedby=\"wp-block-file--media-d35fe35b-39d6-4745-ae91-0c6dbe3e5846\">T\u00e9l\u00e9charger<\/a><\/div>\n\n\n\n<h2>\u00catre adh\u00e9rent-e \u00e0 Mont\u00e9lov\u00e9lo permet de :<\/h2>\n\n\n\n<ul>\n<li>Venir \u00e0 l&rsquo;atelier participatif et solidaire \u00ab\u00a0Je p&rsquo;neu le faire\u00a0\u00bb pour apprendre \u00e0 r\u00e9parer son v\u00e9lo avec l&rsquo;aide des b\u00e9n\u00e9voles, acheter un v\u00e9lo d&rsquo;occasion.<\/li>\n\n\n\n<li>Prendre des cours de v\u00e9lo \u00e9cole pour apprendre \u00e0 faire du v\u00e9lo ou pour une remise en selle.<\/li>\n\n\n\n<li>Participer aux diff\u00e9rentes actions propos\u00e9es par l&rsquo;association.L&rsquo;adh\u00e9sion est au prix de 15 euros pour une ann\u00e9e civile. N&rsquo;oubliez pas de remplir toutes les rubriques du bulletin ci-dessous et de le joindre \u00e0 votre r\u00e8glement (par ch\u00e8que \u00e0 l&rsquo;ordre de Mont\u00e9lov\u00e9lo ou en esp\u00e8ces).<\/li>\n<\/ul>\n\n\n\n<h2>Comment adh\u00e9rer ?<\/h2>\n\n\n\n<ul>\n<li>Passer \u00e0 l&rsquo;atelier aux jours et heures d&rsquo;ouverture.<\/li>\n\n\n\n<li>Mettre votre adh\u00e9sion dans la bo\u00eete aux lettres de l&rsquo;association.<\/li>\n\n\n\n<li>Ou l&rsquo;envoyer par courrier au 11, rue Etienne Marcel 26220 Mont\u00e9limar<\/li>\n<\/ul>\n","protected":false},"excerpt":{"rendered":"<p>\u00catre adh\u00e9rent-e \u00e0 Mont\u00e9lov\u00e9lo permet de : Comment adh\u00e9rer ?<\/p>\n","protected":false},"author":2,"featured_media":0,"parent":0,"menu_order":0,"comment_status":"closed","ping_status":"closed","template":"","meta":[],"_links":{"self":[{"href":"https:\/\/montelovelo.fr\/index.php\/wp-json\/wp\/v2\/pages\/1456"}],"collection":[{"href":"https:\/\/montelovelo.fr\/index.php\/wp-json\/wp\/v2\/pages"}],"about":[{"href":"https:\/\/montelovelo.fr\/index.php\/wp-json\/wp\/v2\/types\/page"}],"author":[{"embeddable":true,"href":"https:\/\/montelovelo.fr\/index.php\/wp-json\/wp\/v2\/users\/2"}],"replies":[{"embeddable":true,"href":"https:\/\/montelovelo.fr\/index.php\/wp-json\/wp\/v2\/comments?post=1456"}],"version-history":[{"count":9,"href":"https:\/\/montelovelo.fr\/index.php\/wp-json\/wp\/v2\/pages\/1456\/revisions"}],"predecessor-version":[{"id":1472,"href":"https:\/\/montelovelo.fr\/index.php\/wp-json\/wp\/v2\/pages\/1456\/revisions\/1472"}],"wp:attachment":[{"href":"https:\/\/montelovelo.fr\/index.php\/wp-json\/wp\/v2\/media?parent=1456"}],"curies":[{"name":"wp","href":"https:\/\/api.w.org\/{rel}","templated":true}]}}