{"id":1168,"date":"2024-03-21T10:26:16","date_gmt":"2024-03-21T09:26:16","guid":{"rendered":"http:\/\/montelovelo.fr\/?page_id=1168"},"modified":"2025-01-25T18:36:24","modified_gmt":"2025-01-25T17:36:24","slug":"courrier-des-adherents","status":"publish","type":"page","link":"https:\/\/montelovelo.fr\/index.php\/courrier-des-adherents\/","title":{"rendered":"Courrier des adh\u00e9rents&#8230;."},"content":{"rendered":"\n<p>Nous nous appuyons sur nos adh\u00e9rents pour recueillir des remarques sur l&rsquo;\u00e9tat des routes de la ville de Mont\u00e9limar et de ses environs imm\u00e9diats en rapport avec la circulation en v\u00e9lo.<\/p>\n\n\n\n<p>Chaque adh\u00e9rent peut donc t\u00e9moigner de probl\u00e8mes rencontr\u00e9s au gr\u00e9s de ses d\u00e9placements en v\u00e9lo.<\/p>\n\n\n\n<p><\/p>\n\n\n\n<p>Ci dessous une carte qui vous permet de localiser rapidement les probl\u00e8mes rencontr\u00e9s. Sous la carte, la galerie des horreurs qui reprend les photos int\u00e9gr\u00e9es \u00e0 la carte.<\/p>\n\n\n\n<h2>Attention si le fond de carte n&rsquo;est pas affich\u00e9&#8230;. clic sur la petite fl\u00e8che sur la gauche pour choisir un fond de carte&#8230;.<\/h2>\n\n\n\n<figure class=\"wp-block-image size-full is-resized\"><img decoding=\"async\" loading=\"lazy\" src=\"http:\/\/montelovelo.fr\/wp-content\/uploads\/2024\/04\/image.png\" alt=\"\" class=\"wp-image-1222\" width=\"31\" height=\"217\" srcset=\"https:\/\/montelovelo.fr\/wp-content\/uploads\/2024\/04\/image.png 48w, https:\/\/montelovelo.fr\/wp-content\/uploads\/2024\/04\/image-43x300.png 43w\" sizes=\"(max-width: 31px) 100vw, 31px\" \/><figcaption class=\"wp-element-caption\">La fl\u00e8che en noir et blanc &#8230; pour choisir le fond de carte.<\/figcaption><\/figure>\n\n\n\n<p> <\/p>\n\n\n\n<iframe loading=\"lazy\" style=\"border: 1px solid black;\" src=\"https:\/\/umap.openstreetmap.fr\/fr\/map\/circulation-des-velos-dans-montelimar_1169363#16\/44.5652\/4.7547\" width=\"600\" height=\"650\" frameborder=\"0\" marginwidth=\"0\" marginheight=\"0\" scrolling=\"no\">\n<\/iframe>\n\n\n\n<h2>Voici donc la galerie des horreurs&#8230;&#8230;<\/h2>\n\n\n\n<figure class=\"is-layout-flex wp-block-gallery-1 wp-block-gallery has-nested-images columns-2 is-cropped\">\n<figure class=\"wp-block-image size-large\"><img decoding=\"async\" loading=\"lazy\" width=\"1024\" height=\"768\" data-id=\"1210\"  src=\"http:\/\/montelovelo.fr\/wp-content\/uploads\/2024\/03\/Avenue-st-Lazare-2-1024x768.jpg\" alt=\"\" class=\"wp-image-1210\" srcset=\"https:\/\/montelovelo.fr\/wp-content\/uploads\/2024\/03\/Avenue-st-Lazare-2-1024x768.jpg 1024w, https:\/\/montelovelo.fr\/wp-content\/uploads\/2024\/03\/Avenue-st-Lazare-2-300x225.jpg 300w, https:\/\/montelovelo.fr\/wp-content\/uploads\/2024\/03\/Avenue-st-Lazare-2-768x576.jpg 768w, https:\/\/montelovelo.fr\/wp-content\/uploads\/2024\/03\/Avenue-st-Lazare-2-1536x1152.jpg 1536w, https:\/\/montelovelo.fr\/wp-content\/uploads\/2024\/03\/Avenue-st-Lazare-2-2048x1536.jpg 2048w, https:\/\/montelovelo.fr\/wp-content\/uploads\/2024\/03\/Avenue-st-Lazare-2-400x300.jpg 400w\" sizes=\"(max-width: 1024px) 100vw, 1024px\" \/><\/figure>\n\n\n\n<figure class=\"wp-block-image size-large\"><img decoding=\"async\" loading=\"lazy\" width=\"576\" height=\"1024\" data-id=\"1209\"  src=\"http:\/\/montelovelo.fr\/wp-content\/uploads\/2024\/03\/Rond-point-lecler-2-576x1024.jpg\" alt=\"\" class=\"wp-image-1209\" srcset=\"https:\/\/montelovelo.fr\/wp-content\/uploads\/2024\/03\/Rond-point-lecler-2-576x1024.jpg 576w, https:\/\/montelovelo.fr\/wp-content\/uploads\/2024\/03\/Rond-point-lecler-2-169x300.jpg 169w, https:\/\/montelovelo.fr\/wp-content\/uploads\/2024\/03\/Rond-point-lecler-2-768x1365.jpg 768w, https:\/\/montelovelo.fr\/wp-content\/uploads\/2024\/03\/Rond-point-lecler-2-864x1536.jpg 864w, https:\/\/montelovelo.fr\/wp-content\/uploads\/2024\/03\/Rond-point-lecler-2-1153x2048.jpg 1153w, https:\/\/montelovelo.fr\/wp-content\/uploads\/2024\/03\/Rond-point-lecler-2-scaled.jpg 1441w\" sizes=\"(max-width: 576px) 100vw, 576px\" \/><\/figure>\n\n\n\n<figure class=\"wp-block-image size-large\"><img decoding=\"async\" loading=\"lazy\" width=\"1024\" height=\"518\" data-id=\"1208\"  src=\"http:\/\/montelovelo.fr\/wp-content\/uploads\/2024\/03\/Sauzet-ch-Baltra-danger-routier-Capt-ecr-2.jpg\" alt=\"\" class=\"wp-image-1208\" srcset=\"https:\/\/montelovelo.fr\/wp-content\/uploads\/2024\/03\/Sauzet-ch-Baltra-danger-routier-Capt-ecr-2.jpg 1024w, https:\/\/montelovelo.fr\/wp-content\/uploads\/2024\/03\/Sauzet-ch-Baltra-danger-routier-Capt-ecr-2-300x152.jpg 300w, https:\/\/montelovelo.fr\/wp-content\/uploads\/2024\/03\/Sauzet-ch-Baltra-danger-routier-Capt-ecr-2-768x389.jpg 768w, https:\/\/montelovelo.fr\/wp-content\/uploads\/2024\/03\/Sauzet-ch-Baltra-danger-routier-Capt-ecr-2-500x253.jpg 500w\" sizes=\"(max-width: 1024px) 100vw, 1024px\" \/><\/figure>\n<\/figure>\n\n\n\n<figure class=\"is-layout-flex wp-block-gallery-3 wp-block-gallery has-nested-images columns-default is-cropped\">\n<figure class=\"wp-block-image size-large\"><img decoding=\"async\" loading=\"lazy\" width=\"576\" height=\"1024\" data-id=\"1229\"  src=\"http:\/\/montelovelo.fr\/wp-content\/uploads\/2024\/04\/DSC_1624-576x1024.jpg\" alt=\"\" class=\"wp-image-1229\" srcset=\"https:\/\/montelovelo.fr\/wp-content\/uploads\/2024\/04\/DSC_1624-576x1024.jpg 576w, https:\/\/montelovelo.fr\/wp-content\/uploads\/2024\/04\/DSC_1624-169x300.jpg 169w, https:\/\/montelovelo.fr\/wp-content\/uploads\/2024\/04\/DSC_1624-768x1365.jpg 768w, https:\/\/montelovelo.fr\/wp-content\/uploads\/2024\/04\/DSC_1624-864x1536.jpg 864w, https:\/\/montelovelo.fr\/wp-content\/uploads\/2024\/04\/DSC_1624-1152x2048.jpg 1152w, https:\/\/montelovelo.fr\/wp-content\/uploads\/2024\/04\/DSC_1624-scaled.jpg 1441w\" sizes=\"(max-width: 576px) 100vw, 576px\" \/><\/figure>\n\n\n\n<figure class=\"wp-block-image size-large\"><img decoding=\"async\" loading=\"lazy\" width=\"576\" height=\"1024\" data-id=\"1231\"  src=\"http:\/\/montelovelo.fr\/wp-content\/uploads\/2024\/04\/DSC_1625-1-576x1024.jpg\" alt=\"\" class=\"wp-image-1231\" srcset=\"https:\/\/montelovelo.fr\/wp-content\/uploads\/2024\/04\/DSC_1625-1-576x1024.jpg 576w, https:\/\/montelovelo.fr\/wp-content\/uploads\/2024\/04\/DSC_1625-1-169x300.jpg 169w, https:\/\/montelovelo.fr\/wp-content\/uploads\/2024\/04\/DSC_1625-1-768x1365.jpg 768w, https:\/\/montelovelo.fr\/wp-content\/uploads\/2024\/04\/DSC_1625-1-864x1536.jpg 864w, https:\/\/montelovelo.fr\/wp-content\/uploads\/2024\/04\/DSC_1625-1-1152x2048.jpg 1152w, https:\/\/montelovelo.fr\/wp-content\/uploads\/2024\/04\/DSC_1625-1-scaled.jpg 1441w\" sizes=\"(max-width: 576px) 100vw, 576px\" \/><\/figure>\n\n\n\n<figure class=\"wp-block-image size-large\"><img decoding=\"async\" loading=\"lazy\" width=\"576\" height=\"1024\" data-id=\"1232\"  src=\"http:\/\/montelovelo.fr\/wp-content\/uploads\/2024\/04\/DSC_1626-1-576x1024.jpg\" alt=\"\" class=\"wp-image-1232\" srcset=\"https:\/\/montelovelo.fr\/wp-content\/uploads\/2024\/04\/DSC_1626-1-576x1024.jpg 576w, https:\/\/montelovelo.fr\/wp-content\/uploads\/2024\/04\/DSC_1626-1-169x300.jpg 169w, https:\/\/montelovelo.fr\/wp-content\/uploads\/2024\/04\/DSC_1626-1-768x1365.jpg 768w, https:\/\/montelovelo.fr\/wp-content\/uploads\/2024\/04\/DSC_1626-1-864x1536.jpg 864w, https:\/\/montelovelo.fr\/wp-content\/uploads\/2024\/04\/DSC_1626-1-1152x2048.jpg 1152w, https:\/\/montelovelo.fr\/wp-content\/uploads\/2024\/04\/DSC_1626-1-scaled.jpg 1441w\" sizes=\"(max-width: 576px) 100vw, 576px\" \/><\/figure>\n\n\n\n<figure class=\"wp-block-image size-large\"><img decoding=\"async\" loading=\"lazy\" width=\"576\" height=\"1024\" data-id=\"1233\"  src=\"http:\/\/montelovelo.fr\/wp-content\/uploads\/2024\/04\/DSC_1627-1-576x1024.jpg\" alt=\"\" class=\"wp-image-1233\" srcset=\"https:\/\/montelovelo.fr\/wp-content\/uploads\/2024\/04\/DSC_1627-1-576x1024.jpg 576w, https:\/\/montelovelo.fr\/wp-content\/uploads\/2024\/04\/DSC_1627-1-169x300.jpg 169w, https:\/\/montelovelo.fr\/wp-content\/uploads\/2024\/04\/DSC_1627-1-768x1365.jpg 768w, https:\/\/montelovelo.fr\/wp-content\/uploads\/2024\/04\/DSC_1627-1-864x1536.jpg 864w, https:\/\/montelovelo.fr\/wp-content\/uploads\/2024\/04\/DSC_1627-1-1152x2048.jpg 1152w, https:\/\/montelovelo.fr\/wp-content\/uploads\/2024\/04\/DSC_1627-1-scaled.jpg 1441w\" sizes=\"(max-width: 576px) 100vw, 576px\" \/><\/figure>\n\n\n\n<figure class=\"wp-block-image size-large\"><img decoding=\"async\" loading=\"lazy\" width=\"576\" height=\"1024\" data-id=\"1234\"  src=\"http:\/\/montelovelo.fr\/wp-content\/uploads\/2024\/04\/DSC_1628-1-576x1024.jpg\" alt=\"\" class=\"wp-image-1234\" srcset=\"https:\/\/montelovelo.fr\/wp-content\/uploads\/2024\/04\/DSC_1628-1-576x1024.jpg 576w, https:\/\/montelovelo.fr\/wp-content\/uploads\/2024\/04\/DSC_1628-1-169x300.jpg 169w, https:\/\/montelovelo.fr\/wp-content\/uploads\/2024\/04\/DSC_1628-1-768x1365.jpg 768w, https:\/\/montelovelo.fr\/wp-content\/uploads\/2024\/04\/DSC_1628-1-864x1536.jpg 864w, https:\/\/montelovelo.fr\/wp-content\/uploads\/2024\/04\/DSC_1628-1-1152x2048.jpg 1152w, https:\/\/montelovelo.fr\/wp-content\/uploads\/2024\/04\/DSC_1628-1-scaled.jpg 1441w\" sizes=\"(max-width: 576px) 100vw, 576px\" \/><\/figure>\n\n\n\n<figure class=\"wp-block-image size-large\"><img decoding=\"async\" loading=\"lazy\" width=\"576\" height=\"1024\" data-id=\"1235\"  src=\"http:\/\/montelovelo.fr\/wp-content\/uploads\/2024\/04\/DSC_1629-1-576x1024.jpg\" alt=\"\" class=\"wp-image-1235\" srcset=\"https:\/\/montelovelo.fr\/wp-content\/uploads\/2024\/04\/DSC_1629-1-576x1024.jpg 576w, https:\/\/montelovelo.fr\/wp-content\/uploads\/2024\/04\/DSC_1629-1-169x300.jpg 169w, https:\/\/montelovelo.fr\/wp-content\/uploads\/2024\/04\/DSC_1629-1-768x1365.jpg 768w, https:\/\/montelovelo.fr\/wp-content\/uploads\/2024\/04\/DSC_1629-1-864x1536.jpg 864w, https:\/\/montelovelo.fr\/wp-content\/uploads\/2024\/04\/DSC_1629-1-1152x2048.jpg 1152w, https:\/\/montelovelo.fr\/wp-content\/uploads\/2024\/04\/DSC_1629-1-scaled.jpg 1441w\" sizes=\"(max-width: 576px) 100vw, 576px\" \/><\/figure>\n<\/figure>\n","protected":false},"excerpt":{"rendered":"<p>Nous nous appuyons sur nos adh\u00e9rents pour recueillir des remarques sur l&rsquo;\u00e9tat des routes de la ville de Mont\u00e9limar et de ses environs imm\u00e9diats en rapport avec la circulation en v\u00e9lo. Chaque adh\u00e9rent peut donc t\u00e9moigner de probl\u00e8mes rencontr\u00e9s au &hellip; <a href=\"https:\/\/montelovelo.fr\/index.php\/courrier-des-adherents\/\">Lire la suite <span class=\"meta-nav\">&rarr;<\/span><\/a><\/p>\n","protected":false},"author":2,"featured_media":0,"parent":0,"menu_order":0,"comment_status":"closed","ping_status":"closed","template":"","meta":[],"_links":{"self":[{"href":"https:\/\/montelovelo.fr\/index.php\/wp-json\/wp\/v2\/pages\/1168"}],"collection":[{"href":"https:\/\/montelovelo.fr\/index.php\/wp-json\/wp\/v2\/pages"}],"about":[{"href":"https:\/\/montelovelo.fr\/index.php\/wp-json\/wp\/v2\/types\/page"}],"author":[{"embeddable":true,"href":"https:\/\/montelovelo.fr\/index.php\/wp-json\/wp\/v2\/users\/2"}],"replies":[{"embeddable":true,"href":"https:\/\/montelovelo.fr\/index.php\/wp-json\/wp\/v2\/comments?post=1168"}],"version-history":[{"count":26,"href":"https:\/\/montelovelo.fr\/index.php\/wp-json\/wp\/v2\/pages\/1168\/revisions"}],"predecessor-version":[{"id":1299,"href":"https:\/\/montelovelo.fr\/index.php\/wp-json\/wp\/v2\/pages\/1168\/revisions\/1299"}],"wp:attachment":[{"href":"https:\/\/montelovelo.fr\/index.php\/wp-json\/wp\/v2\/media?parent=1168"}],"curies":[{"name":"wp","href":"https:\/\/api.w.org\/{rel}","templated":true}]}}